{"id":26972,"date":"2026-05-06T08:02:29","date_gmt":"2026-05-06T06:02:29","guid":{"rendered":"http:\/\/172.16.202.26\/?page_id=26972"},"modified":"2026-05-06T08:26:57","modified_gmt":"2026-05-06T06:26:57","slug":"junior-company-2024-25","status":"publish","type":"page","link":"http:\/\/172.16.202.26\/?page_id=26972","title":{"rendered":"Junior Company &#8211; 2024\/25"},"content":{"rendered":"\t\t<div data-elementor-type=\"wp-page\" data-elementor-id=\"26972\" class=\"elementor elementor-26972\">\n\t\t\t\t\t\t<section class=\"elementor-section elementor-top-section elementor-element elementor-element-d94d3ce elementor-section-boxed elementor-section-height-default elementor-section-height-default\" data-id=\"d94d3ce\" data-element_type=\"section\">\n\t\t\t\t\t\t<div class=\"elementor-container elementor-column-gap-default\">\n\t\t\t\t\t<div class=\"elementor-column elementor-col-100 elementor-top-column elementor-element elementor-element-21ff2e8\" data-id=\"21ff2e8\" data-element_type=\"column\">\n\t\t\t<div class=\"elementor-widget-wrap elementor-element-populated\">\n\t\t\t\t\t\t<div class=\"elementor-element elementor-element-2417a3b elementor-widget elementor-widget-heading\" data-id=\"2417a3b\" data-element_type=\"widget\" data-widget_type=\"heading.default\">\n\t\t\t\t<div class=\"elementor-widget-container\">\n\t\t\t<style>\/*! elementor - v3.20.0 - 13-03-2024 *\/\n.elementor-heading-title{padding:0;margin:0;line-height:1}.elementor-widget-heading .elementor-heading-title[class*=elementor-size-]>a{color:inherit;font-size:inherit;line-height:inherit}.elementor-widget-heading .elementor-heading-title.elementor-size-small{font-size:15px}.elementor-widget-heading .elementor-heading-title.elementor-size-medium{font-size:19px}.elementor-widget-heading .elementor-heading-title.elementor-size-large{font-size:29px}.elementor-widget-heading .elementor-heading-title.elementor-size-xl{font-size:39px}.elementor-widget-heading .elementor-heading-title.elementor-size-xxl{font-size:59px}<\/style><h2 class=\"elementor-heading-title elementor-size-default\">Junior Companies 2024\/25<\/h2>\t\t<\/div>\n\t\t\t\t<\/div>\n\t\t\t\t\t<\/div>\n\t\t<\/div>\n\t\t\t\t\t<\/div>\n\t\t<\/section>\n\t\t\t\t<section class=\"elementor-section elementor-top-section elementor-element elementor-element-23390bc elementor-section-boxed elementor-section-height-default elementor-section-height-default\" data-id=\"23390bc\" data-element_type=\"section\">\n\t\t\t\t\t\t<div class=\"elementor-container elementor-column-gap-default\">\n\t\t\t\t\t<div class=\"elementor-column elementor-col-100 elementor-top-column elementor-element elementor-element-bded0db\" data-id=\"bded0db\" data-element_type=\"column\">\n\t\t\t<div class=\"elementor-widget-wrap elementor-element-populated\">\n\t\t\t\t\t\t<div class=\"elementor-element elementor-element-906eae9 elementor-widget elementor-widget-text-editor\" data-id=\"906eae9\" data-element_type=\"widget\" data-widget_type=\"text-editor.default\">\n\t\t\t\t<div class=\"elementor-widget-container\">\n\t\t\t<style>\/*! elementor - v3.20.0 - 13-03-2024 *\/\n.elementor-widget-text-editor.elementor-drop-cap-view-stacked .elementor-drop-cap{background-color:#69727d;color:#fff}.elementor-widget-text-editor.elementor-drop-cap-view-framed .elementor-drop-cap{color:#69727d;border:3px solid;background-color:transparent}.elementor-widget-text-editor:not(.elementor-drop-cap-view-default) .elementor-drop-cap{margin-top:8px}.elementor-widget-text-editor:not(.elementor-drop-cap-view-default) .elementor-drop-cap-letter{width:1em;height:1em}.elementor-widget-text-editor .elementor-drop-cap{float:left;text-align:center;line-height:1;font-size:50px}.elementor-widget-text-editor .elementor-drop-cap-letter{display:inline-block}<\/style>\t\t\t\t<p>Auch dieses Jahr haben die Sch\u00fcler der Wirtschaftsingenieure am TGM mit Kreativit\u00e4t und Unternehmergeist beeindruckt! Im Rahmen des\u00a0<strong>Junior Company Programms<\/strong>\u00a0wurden spannende Gesch\u00e4ftsideen entwickelt und erfolgreich umgesetzt. Drei herausragende Unternehmen \u2013\u00a0<strong>Nuviolight<\/strong>,\u00a0<strong>de Toschn<\/strong>\u00a0und\u00a0<strong>duftish<\/strong>\u00a0\u2013 stehen exemplarisch f\u00fcr die Innovationskraft unserer Sch\u00fcler*innen.<\/p>\t\t\t\t\t\t<\/div>\n\t\t\t\t<\/div>\n\t\t\t\t\t<\/div>\n\t\t<\/div>\n\t\t\t\t\t<\/div>\n\t\t<\/section>\n\t\t\t\t<section class=\"elementor-section elementor-top-section elementor-element elementor-element-5dfab80 elementor-section-boxed elementor-section-height-default elementor-section-height-default\" data-id=\"5dfab80\" data-element_type=\"section\">\n\t\t\t\t\t\t<div class=\"elementor-container elementor-column-gap-default\">\n\t\t\t\t\t<div class=\"elementor-column elementor-col-50 elementor-top-column elementor-element elementor-element-05da108\" data-id=\"05da108\" data-element_type=\"column\">\n\t\t\t<div class=\"elementor-widget-wrap elementor-element-populated\">\n\t\t\t\t\t\t<div class=\"elementor-element elementor-element-52b219b elementor-widget elementor-widget-text-editor\" data-id=\"52b219b\" data-element_type=\"widget\" data-widget_type=\"text-editor.default\">\n\t\t\t\t<div class=\"elementor-widget-container\">\n\t\t\t\t\t\t\t<p><strong>Nuviolight \u2013 Nachhaltige Beleuchtung neu gedacht<\/strong><\/p><p>\u00a0<\/p><p><strong>Nuviolight<\/strong>\u00a0begeistert mit innovativen Beleuchtungsl\u00f6sungen f\u00fcr Pflanzen. Die Produkte kombinieren modernes Design mit energieeffizienter Technologie und bringen Licht in dunkle Ecken. Jede Lampe wird mit Liebe zum Detail gefertigt \u2013 ideal f\u00fcr all jene, die Pflanzen lieben.<\/p><p>\u00a0<\/p><p>\ud83d\udc49\u00a0<strong>Folge Nuviolight auf Instagram:<\/strong>\u00a0<a href=\"https:\/\/www.instagram.com\/nuviolight\">@nuviolight<\/a><\/p><p>\ud83d\udc49\u00a0<strong>Finde Nuviolight auf TikTok:<\/strong>\u00a0<a href=\"https:\/\/www.facebook.com\/detoschn\">nuvio.light<\/a><\/p><p>\ud83d\udc49\u00a0<strong>Kontakt:<\/strong>\u00a0<a href=\"mailto:nuvio.light@gmail.com\">nuvio.light@gmail.com<\/a><\/p>\t\t\t\t\t\t<\/div>\n\t\t\t\t<\/div>\n\t\t\t\t\t<\/div>\n\t\t<\/div>\n\t\t\t\t<div class=\"elementor-column elementor-col-50 elementor-top-column elementor-element elementor-element-e48161f\" data-id=\"e48161f\" data-element_type=\"column\">\n\t\t\t<div class=\"elementor-widget-wrap elementor-element-populated\">\n\t\t\t\t\t\t<div class=\"elementor-element elementor-element-f60da46 elementor-widget elementor-widget-image\" data-id=\"f60da46\" data-element_type=\"widget\" data-widget_type=\"image.default\">\n\t\t\t\t<div class=\"elementor-widget-container\">\n\t\t\t<style>\/*! elementor - v3.20.0 - 13-03-2024 *\/\n.elementor-widget-image{text-align:center}.elementor-widget-image a{display:inline-block}.elementor-widget-image a img[src$=\".svg\"]{width:48px}.elementor-widget-image img{vertical-align:middle;display:inline-block}<\/style>\t\t\t\t\t\t\t\t\t\t<img decoding=\"async\" width=\"150\" height=\"150\" src=\"http:\/\/172.16.202.26\/wp-content\/uploads\/2026\/05\/nuvio.png\" class=\"attachment-large size-large wp-image-26976\" alt=\"\" \/>\t\t\t\t\t\t\t\t\t\t\t\t\t<\/div>\n\t\t\t\t<\/div>\n\t\t\t\t\t<\/div>\n\t\t<\/div>\n\t\t\t\t\t<\/div>\n\t\t<\/section>\n\t\t\t\t<section class=\"elementor-section elementor-top-section elementor-element elementor-element-5393e97 elementor-section-boxed elementor-section-height-default elementor-section-height-default\" data-id=\"5393e97\" data-element_type=\"section\">\n\t\t\t\t\t\t<div class=\"elementor-container elementor-column-gap-default\">\n\t\t\t\t\t<div class=\"elementor-column elementor-col-50 elementor-top-column elementor-element elementor-element-32d5469\" data-id=\"32d5469\" data-element_type=\"column\">\n\t\t\t<div class=\"elementor-widget-wrap elementor-element-populated\">\n\t\t\t\t\t\t<div class=\"elementor-element elementor-element-f8a9e38 elementor-widget elementor-widget-text-editor\" data-id=\"f8a9e38\" data-element_type=\"widget\" data-widget_type=\"text-editor.default\">\n\t\t\t\t<div class=\"elementor-widget-container\">\n\t\t\t\t\t\t\t<p><strong>de Toschn \u2013 Praktisch, stylisch und einzigartig<\/strong><\/p><p>\u00a0<\/p><p>Die Marke\u00a0<strong>de Toschn<\/strong>\u00a0setzt auf nachhaltige Taschen aus Stoff in unterschiedlichen Gr\u00f6\u00dfen, die den Alltag erleichtern und dabei gut aussehen. Die Stoffe stammen aus Restposten, der schlichte Holzgriff wird sorgf\u00e4ltig in Handarbeit produziert. Jedes St\u00fcck ist einzigartig. Perfekt f\u00fcr alle, die Funktionalit\u00e4t und Design sch\u00e4tzen!<\/p><p>\u00a0<\/p><p>\ud83d\udc49\u00a0<strong>Finde de Toschn auf Insta und TikTok:<\/strong>\u00a0<a href=\"https:\/\/www.facebook.com\/detoschn\">@de_toschn<\/a><\/p><p>\ud83d\udc49\u00a0<strong>Finde de Toschn auf Homepage:<\/strong>\u00a0<a href=\"https:\/\/detoschn-jc.likes2.work\/\">https:\/\/detoschn-jc.likes2.work\/<\/a><\/p><p>\ud83d\udc49<strong>\u00a0Kontakt:<\/strong>\u00a0<a href=\"mailto:detoschn@gmx.at\">detoschn@gmx.at<\/a>lamcorper mattis, pulvinar dapibus leo.<\/p>\t\t\t\t\t\t<\/div>\n\t\t\t\t<\/div>\n\t\t\t\t\t<\/div>\n\t\t<\/div>\n\t\t\t\t<div class=\"elementor-column elementor-col-50 elementor-top-column elementor-element elementor-element-2a7bf8a\" data-id=\"2a7bf8a\" data-element_type=\"column\">\n\t\t\t<div class=\"elementor-widget-wrap elementor-element-populated\">\n\t\t\t\t\t\t<div class=\"elementor-element elementor-element-add5004 elementor-widget__width-initial elementor-widget elementor-widget-image\" data-id=\"add5004\" data-element_type=\"widget\" data-widget_type=\"image.default\">\n\t\t\t\t<div class=\"elementor-widget-container\">\n\t\t\t\t\t\t\t\t\t\t\t\t\t<img decoding=\"async\" width=\"150\" height=\"110\" src=\"http:\/\/172.16.202.26\/wp-content\/uploads\/2026\/05\/de-toschn.png\" class=\"attachment-large size-large wp-image-26975\" alt=\"\" \/>\t\t\t\t\t\t\t\t\t\t\t\t\t<\/div>\n\t\t\t\t<\/div>\n\t\t\t\t\t<\/div>\n\t\t<\/div>\n\t\t\t\t\t<\/div>\n\t\t<\/section>\n\t\t\t\t<section class=\"elementor-section elementor-top-section elementor-element elementor-element-55a790e elementor-section-boxed elementor-section-height-default elementor-section-height-default\" data-id=\"55a790e\" data-element_type=\"section\">\n\t\t\t\t\t\t<div class=\"elementor-container elementor-column-gap-default\">\n\t\t\t\t\t<div class=\"elementor-column elementor-col-50 elementor-top-column elementor-element elementor-element-4c1f45a\" data-id=\"4c1f45a\" data-element_type=\"column\">\n\t\t\t<div class=\"elementor-widget-wrap elementor-element-populated\">\n\t\t\t\t\t\t<div class=\"elementor-element elementor-element-6e96a10 elementor-widget elementor-widget-text-editor\" data-id=\"6e96a10\" data-element_type=\"widget\" data-widget_type=\"text-editor.default\">\n\t\t\t\t<div class=\"elementor-widget-container\">\n\t\t\t\t\t\t\t<p><strong>duftish \u2013 Duftb\u00e4ume mit Pers\u00f6nlichkeit<\/strong><\/p><p>\u00a0<\/p><p><strong>duftish<\/strong>\u00a0hat den klassischen Duftbaum revolutioniert! Mit einzigartigen, handgefertigten Designs und individuellen D\u00fcften wird jedes Auto, Zimmer oder B\u00fcro zur Wohlf\u00fchloase. Die personalisierbaren Optionen machen die Produkte auch zu idealen Geschenken.<\/p><p>\u00a0<\/p><p>\ud83d\udc49\u00a0<strong>Bleibe auf dem Laufenden mit duftish auf Instagram und TikTok:<\/strong>\u00a0<a href=\"http:\/\/_duftish_scent_\/\">@_duftish_scent_<\/a><\/p><p>\ud83d\udc49\u00a0<strong>Kontakt:<\/strong>\u00a0duftishscent@gmail.com<\/p>\t\t\t\t\t\t<\/div>\n\t\t\t\t<\/div>\n\t\t\t\t\t<\/div>\n\t\t<\/div>\n\t\t\t\t<div class=\"elementor-column elementor-col-50 elementor-top-column elementor-element elementor-element-5c3e3ff\" data-id=\"5c3e3ff\" data-element_type=\"column\">\n\t\t\t<div class=\"elementor-widget-wrap elementor-element-populated\">\n\t\t\t\t\t\t<div class=\"elementor-element elementor-element-7af63a3 elementor-widget elementor-widget-image\" data-id=\"7af63a3\" data-element_type=\"widget\" data-widget_type=\"image.default\">\n\t\t\t\t<div class=\"elementor-widget-container\">\n\t\t\t\t\t\t\t\t\t\t\t\t\t<img decoding=\"async\" width=\"150\" height=\"83\" src=\"http:\/\/172.16.202.26\/wp-content\/uploads\/2026\/05\/duftish.jpg\" class=\"attachment-large size-large wp-image-26974\" alt=\"\" \/>\t\t\t\t\t\t\t\t\t\t\t\t\t<\/div>\n\t\t\t\t<\/div>\n\t\t\t\t\t<\/div>\n\t\t<\/div>\n\t\t\t\t\t<\/div>\n\t\t<\/section>\n\t\t\t\t<\/div>\n\t\t","protected":false},"excerpt":{"rendered":"<p>Junior Companies 2024\/25 Auch dieses Jahr haben die Sch\u00fcler der Wirtschaftsingenieure am TGM mit Kreativit\u00e4t und Unternehmergeist beeindruckt! Im Rahmen des\u00a0Junior Company Programms\u00a0wurden spannende Gesch\u00e4ftsideen entwickelt und erfolgreich umgesetzt. Drei herausragende Unternehmen \u2013\u00a0Nuviolight,\u00a0de Toschn\u00a0und\u00a0duftish\u00a0\u2013 stehen exemplarisch f\u00fcr die Innovationskraft unserer Sch\u00fcler*innen. Nuviolight \u2013 Nachhaltige Beleuchtung neu gedacht \u00a0 Nuviolight\u00a0begeistert mit innovativen Beleuchtungsl\u00f6sungen f\u00fcr Pflanzen. Die Produkte kombinieren modernes Design mit [&hellip;]<\/p>\n","protected":false},"author":3,"featured_media":0,"parent":12686,"menu_order":0,"comment_status":"closed","ping_status":"closed","template":"elementor_header_footer","meta":[],"_links":{"self":[{"href":"http:\/\/172.16.202.26\/index.php?rest_route=\/wp\/v2\/pages\/26972"}],"collection":[{"href":"http:\/\/172.16.202.26\/index.php?rest_route=\/wp\/v2\/pages"}],"about":[{"href":"http:\/\/172.16.202.26\/index.php?rest_route=\/wp\/v2\/types\/page"}],"author":[{"embeddable":true,"href":"http:\/\/172.16.202.26\/index.php?rest_route=\/wp\/v2\/users\/3"}],"replies":[{"embeddable":true,"href":"http:\/\/172.16.202.26\/index.php?rest_route=%2Fwp%2Fv2%2Fcomments&post=26972"}],"version-history":[{"count":4,"href":"http:\/\/172.16.202.26\/index.php?rest_route=\/wp\/v2\/pages\/26972\/revisions"}],"predecessor-version":[{"id":26979,"href":"http:\/\/172.16.202.26\/index.php?rest_route=\/wp\/v2\/pages\/26972\/revisions\/26979"}],"up":[{"embeddable":true,"href":"http:\/\/172.16.202.26\/index.php?rest_route=\/wp\/v2\/pages\/12686"}],"wp:attachment":[{"href":"http:\/\/172.16.202.26\/index.php?rest_route=%2Fwp%2Fv2%2Fmedia&parent=26972"}],"curies":[{"name":"wp","href":"https:\/\/api.w.org\/{rel}","templated":true}]}}